{"id":1504,"date":"2016-01-24T09:05:25","date_gmt":"2016-01-24T09:05:25","guid":{"rendered":"https:\/\/www.amiuris.es\/fr\/?page_id=1504"},"modified":"2016-01-24T09:37:09","modified_gmt":"2016-01-24T09:37:09","slug":"le-cabinet","status":"publish","type":"page","link":"https:\/\/amiuris.es\/fr\/le-cabinet\/","title":{"rendered":"Le Cabinet"},"content":{"rendered":"<div class=\"wpb-content-wrapper\">[vc_row full_width=&#8221;stretch_row&#8221; parallax=&#8221;content-moving&#8221; css=&#8221;.vc_custom_1436530001615{padding-top: 100px !important;padding-bottom: 50px !important;background-color: #499b7a !important;}&#8221;][vc_column width=&#8221;1\/2&#8243; css=&#8221;.vc_custom_1447018931724{padding-left: 10% !important;}&#8221;]\n\t<div class=\"custom-heading wpb_content_element \">\n\t\t<h2 class=\"heading-title\" >Qui sommes-nous ?<\/h2>\n\t\t<span class=\"heading-line primary\"><\/span>\n\t<\/div>[vc_column_text]Amiuris a \u00e9t\u00e9 fond\u00e9 par Ana Raquel Mendoza Carette, n\u00e9e \u00e0 Bruges (Belgique) en 1975.<\/p>\n<p>Elle a fait ses \u00e9tudes primaires et secondaires \u00e0 Bruges. Elle s\u2019est install\u00e9e \u00e0 M\u00e1laga en juillet 1991.<\/p>\n<p>Licenci\u00e9e en Droit \u00e0 l\u2019Universit\u00e9 de M\u00e1laga en 2000.<\/p>\n<p>Inscrite au Barreau de M\u00e1laga depuis l\u2019ann\u00e9e 2002.<\/p>\n<p>Elle a compl\u00e9t\u00e9 ses \u00e9tudes gr\u00e2ce au cours de pratique juridique organis\u00e9 par le Barreau de M\u00e1laga au cours des ann\u00e9es 2002 et 2003.<\/p>\n<p>Avocate exer\u00e7ant depuis l\u2019ann\u00e9e 2002. Sp\u00e9cialis\u00e9e en Droit civil, droit des obligations et des contrats, responsabilit\u00e9 civile, contrats immobiliers, droit de succession et droit de copropri\u00e9t\u00e9.<\/p>\n<p>Elle a exerc\u00e9 le m\u00e9tier d\u2019avocate pour divers cabinets d\u2019avocats internationaux situ\u00e9s sur la Costa del Sol, o\u00f9 elle a acquis son exp\u00e9rience professionnelle, et notamment dans le domaine immobilier.<\/p>\n<p>Nous nous adressons \u00e0 nos clients dans les langues suivantes\u00a0: espagnol, n\u00e9erlandais, anglais et fran\u00e7ais.<\/p>\n<p>Amiuris a son si\u00e8ge \u00e0 Marbella et offre ses services de conseil \u00e0 ses clients sur l\u2019ensemble du territoire national.<\/p>\n<p>Amiuris s\u2019appuie sur la collaboration de diff\u00e9rents professionnels sp\u00e9cialis\u00e9s dans d\u2019autres branches du droit telles que le droit fiscal, le droit commercial, le droit p\u00e9nal et le droit de la proc\u00e9dure.<br \/>\n[\/vc_column_text][\/vc_column][vc_column width=&#8221;1\/2&#8243; css=&#8221;.vc_custom_1447018877311{padding-right: 10% !important;}&#8221;][vc_single_image image=&#8221;946&#8243; img_size=&#8221;large&#8221; alignment=&#8221;right&#8221; style=&#8221;vc_box_rounded&#8221;][vc_button title=&#8221;Contactez-nous&#8221; color=&#8221;primary&#8221; button_position=&#8221;center&#8221; link=&#8221;url:https%3A%2F%2Fwww.amiuris.es%2Ffr%2Fcontactez-nous%2F||&#8221;][\/vc_column][\/vc_row]\n<\/div>","protected":false},"excerpt":{"rendered":"<p>[vc_row full_width=&#8221;stretch_row&#8221; parallax=&#8221;content-moving&#8221; css=&#8221;.vc_custom_1436530001615{padding-top: 100px !important;padding-bottom: 50px !important;background-color: #499b7a !important;}&#8221;][vc_column width=&#8221;1\/2&#8243; css=&#8221;.vc_custom_1447018931724{padding-left: 10% !important;}&#8221;][vc_column_text]Amiuris a \u00e9t\u00e9 fond\u00e9 par Ana Raquel &#8230;<\/p>\n","protected":false},"author":9192192,"featured_media":0,"parent":0,"menu_order":0,"comment_status":"closed","ping_status":"closed","template":"","meta":{"footnotes":""},"class_list":["post-1504","page","type-page","status-publish","hentry"],"_links":{"self":[{"href":"https:\/\/amiuris.es\/fr\/wp-json\/wp\/v2\/pages\/1504","targetHints":{"allow":["GET"]}}],"collection":[{"href":"https:\/\/amiuris.es\/fr\/wp-json\/wp\/v2\/pages"}],"about":[{"href":"https:\/\/amiuris.es\/fr\/wp-json\/wp\/v2\/types\/page"}],"author":[{"embeddable":true,"href":"https:\/\/amiuris.es\/fr\/wp-json\/wp\/v2\/users\/9192192"}],"replies":[{"embeddable":true,"href":"https:\/\/amiuris.es\/fr\/wp-json\/wp\/v2\/comments?post=1504"}],"version-history":[{"count":3,"href":"https:\/\/amiuris.es\/fr\/wp-json\/wp\/v2\/pages\/1504\/revisions"}],"predecessor-version":[{"id":1524,"href":"https:\/\/amiuris.es\/fr\/wp-json\/wp\/v2\/pages\/1504\/revisions\/1524"}],"wp:attachment":[{"href":"https:\/\/amiuris.es\/fr\/wp-json\/wp\/v2\/media?parent=1504"}],"curies":[{"name":"wp","href":"https:\/\/api.w.org\/{rel}","templated":true}]}}